{"id":1060,"date":"2016-01-10T12:16:52","date_gmt":"2016-01-10T11:16:52","guid":{"rendered":"http:\/\/yongchun-white-crane.eu\/?page_id=1060"},"modified":"2016-01-22T19:04:36","modified_gmt":"2016-01-22T18:04:36","slug":"about-weng-gong-ci-yongchun","status":"publish","type":"page","link":"http:\/\/yongchun-white-crane.eu\/de\/about-weng-gong-ci-yongchun","title":{"rendered":"Geschichte des Weng Gong Ci in Yongchun"},"content":{"rendered":"<h3 style=\"text-align: center;\"><\/h3>\n<p><a href=\"http:\/\/yongchun-white-crane.eu\/wp-content\/uploads\/2016\/01\/Qiongqi-and-Shifu_3.jpg\" rel=\"attachment wp-att-906\"><img loading=\"lazy\" decoding=\"async\" class=\"wp-image-906 aligncenter\" src=\"http:\/\/yongchun-white-crane.eu\/wp-content\/uploads\/2016\/01\/Qiongqi-and-Shifu_3.jpg\" alt=\"Qiongqi and Shifu_3\" width=\"688\" height=\"466\" srcset=\"http:\/\/yongchun-white-crane.eu\/wp-content\/uploads\/2016\/01\/Qiongqi-and-Shifu_3.jpg 1200w, http:\/\/yongchun-white-crane.eu\/wp-content\/uploads\/2016\/01\/Qiongqi-and-Shifu_3-300x203.jpg 300w, http:\/\/yongchun-white-crane.eu\/wp-content\/uploads\/2016\/01\/Qiongqi-and-Shifu_3-768x520.jpg 768w, http:\/\/yongchun-white-crane.eu\/wp-content\/uploads\/2016\/01\/Qiongqi-and-Shifu_3-1024x694.jpg 1024w\" sizes=\"auto, (max-width: 688px) 100vw, 688px\" \/><\/a><\/p>\n<p>&nbsp;<\/p>\n<h3 style=\"text-align: center;\"><\/h3>\n<h3 style=\"text-align: center;\"><strong>Die Geschichte des Weng Gong Ci<\/strong><\/h3>\n<p>&nbsp;<\/p>\n<p style=\"text-align: justify;\">Die Weng Gong Ci Schule f\u00fcr Kampfkunst wurde im Herbst 1928 in der alten Garnisonsstadt Wulijie (heute Yongchun) zun\u00e4chst unter dem Namen <em>&#8220;Nationale Schule f\u00fcr Kampfkunst, Abteilung Fujian\/Yongchun&#8221;<\/em> er\u00f6ffnet. Es ist eine Einrichtung, welche die Kultivierung der Kampfkunst, Vorf\u00fchrungen, Lehre und Beratung vereint mit einem Besucher- und Informationszentrum. Die Mitglieder der Schule sind vielfach pr\u00e4sent auf Wettk\u00e4mpfen auf Stadt-, Kreis- und Provinzebene, auf Veranstaltungen von Hongkong bis nach Taiwan. Im Jahr 2011 wurde die Schule ausgezeichnet als &#8220;Lehr- und \u00dcbungsinstitut f\u00fcr Nicht-materielle Kulturg\u00fcter der Stadt Quanzhou der 1. Kategorie&#8221;; dar\u00fcber hinaus erhielt sie von derselben Institution die Bezeichnung &#8220;Offizielles Seminar f\u00fcr Baihequan&#8221;.<\/p>\n<p style=\"text-align: justify;\">Im Oktober 1928 f\u00fchrte die damalige Nationalregierung in Nanjing eine erste nationale Kampfkunstpr\u00fcfung durch. Die besten Meister Yongchuns wurden ausgew\u00e4hlt, unter ihnen Pan Shifeng, Pan Siqing, Pan Xiaode, Li Wanyue, Song Zhongda, Wang Zhongying, Lin Baoshan, die allesamt ausgezeichnet wurden. Im Anschluss daran wurde die &#8220;Nationale Schule f\u00fcr Kampfkunst Abteilung Fujian\/Yongchun&#8221; errichtet. Lin Baoshan, Pan Shifen und Pan Xiaode waren nacheinander Leiter der Schule. In der Einrichtung, in der in traditioneller Weise von Privatpersonen Kampf gelehrt worden war, entstand ein neuer Geist. Sch\u00fcler kamen nun nicht mehr nur aus Yongchun sondern auch von au\u00dferhalb, sie kamen aus Fuzhou, Quanzhou, Xiamen, Zhangzhou, Dehua, Nan An, Anxi etc. und hoben das Niveau des Yongchun Baihequan.<\/p>\n<p style=\"text-align: justify;\">Im ersten Jahr des Bestehens wurde auf Einladung des Leiters der Auslandschinesen unter der Leitung von Pan Shifeng und Pan Xiaode eine 20k\u00f6pfige Delegation nach Singapur und Malaysia gesandt, um &#8220;die Kunst zu zeigen und die Essenz der nationalen Kultur zu f\u00f6rdern&#8221;. Dies war das erste Mal, dass sich eine derartige Delegation aus China auf die Reise machte; sie initiierte einen regen Fluss des kulturellen Austauschs. Ein Teil der Lehrer blieb l\u00e4ngerfristig dort und errichtete in Singapur und Malaysia Schulen f\u00fcr Kampfkunst; sie legten den Grundstein der Popularit\u00e4t des Baihequan in Ost- und S\u00fcdasien. \u00dcber viele Jahre hinweg waren Sch\u00fcler und Meister des Weng Gong Ci auf Wettk\u00e4mpfen erfolgreich, unterbrochen nur durch die Kriegswirren des 20. Jahrhunderts.<\/p>\n<p style=\"text-align: justify;\">Durch die Bem\u00fchungen des Nationalen Sportkommittees, das Erbe der Kampfkunst zu bewahren, wurde das zeitweise stillgelegte Wuguan am 10. August 1985 formell wieder er\u00f6ffnet. Der Sohn des vorherigen Leiters Pan Xiaode, Pan Chengmiao, wurde zum Leiter bestimmt. Das Sportkommittee der Provinz Fujian benannte es 1986 in &#8220;Fortgeschrittenes Institut f\u00fcr die Bewahrung und F\u00f6rderung der Kampfkunst&#8221;.<\/p>\n<p style=\"text-align: justify;\">Seitdem sind Vertreter des Wuguans erfolgreich auf nationalen und internationalen Wettk\u00e4mpfen, sie nehmen teil an Foren zum Austausch und zur Entwicklung der Kampfkunst bis hin nach Europa; sie sind vielfach pr\u00e4sent in regionalen und \u00fcberregionalen Medien. Im Jahr 2012 wurden in Singapur und Malaysia Abteilungen des Weng Gong Ci er\u00f6ffnet, im Jahr 2013 wurde die Russische Abteilung in Moskau er\u00f6ffnet und im Jahr 2014 die Deutsche Abteilung in Gronau (Westfalen).<\/p>\n","protected":false},"excerpt":{"rendered":"<p>&nbsp; Die Geschichte des Weng Gong Ci &nbsp; Die Weng Gong Ci Schule f\u00fcr Kampfkunst wurde im Herbst 1928 in der alten Garnisonsstadt Wulijie (heute Yongchun) zun\u00e4chst unter dem Namen [&hellip;]<\/p>\n","protected":false},"author":1,"featured_media":0,"parent":0,"menu_order":0,"comment_status":"closed","ping_status":"closed","template":"page-c.php","meta":{"footnotes":""},"class_list":["post-1060","page","type-page","status-publish","hentry"],"translation":{"provider":"WPGlobus","version":"3.0.0","language":"de","enabled_languages":["en","de","es","ru","zh","nl"],"languages":{"en":{"title":true,"content":true,"excerpt":false},"de":{"title":true,"content":true,"excerpt":false},"es":{"title":false,"content":false,"excerpt":false},"ru":{"title":false,"content":false,"excerpt":false},"zh":{"title":true,"content":true,"excerpt":false},"nl":{"title":false,"content":false,"excerpt":false}}},"_links":{"self":[{"href":"http:\/\/yongchun-white-crane.eu\/de\/wp-json\/wp\/v2\/pages\/1060","targetHints":{"allow":["GET"]}}],"collection":[{"href":"http:\/\/yongchun-white-crane.eu\/de\/wp-json\/wp\/v2\/pages"}],"about":[{"href":"http:\/\/yongchun-white-crane.eu\/de\/wp-json\/wp\/v2\/types\/page"}],"author":[{"embeddable":true,"href":"http:\/\/yongchun-white-crane.eu\/de\/wp-json\/wp\/v2\/users\/1"}],"replies":[{"embeddable":true,"href":"http:\/\/yongchun-white-crane.eu\/de\/wp-json\/wp\/v2\/comments?post=1060"}],"version-history":[{"count":19,"href":"http:\/\/yongchun-white-crane.eu\/de\/wp-json\/wp\/v2\/pages\/1060\/revisions"}],"predecessor-version":[{"id":1115,"href":"http:\/\/yongchun-white-crane.eu\/de\/wp-json\/wp\/v2\/pages\/1060\/revisions\/1115"}],"wp:attachment":[{"href":"http:\/\/yongchun-white-crane.eu\/de\/wp-json\/wp\/v2\/media?parent=1060"}],"curies":[{"name":"wp","href":"https:\/\/api.w.org\/{rel}","templated":true}]}}