{"id":197,"date":"2015-07-17T13:57:06","date_gmt":"2015-07-17T11:57:06","guid":{"rendered":"http:\/\/kottig.net\/whitecrane\/?page_id=197"},"modified":"2016-01-10T16:52:47","modified_gmt":"2016-01-10T15:52:47","slug":"about-pan-xiow-de","status":"publish","type":"page","link":"http:\/\/yongchun-white-crane.eu\/de\/about-pan-xiow-de","title":{"rendered":"\u00fcber Meister Pan Xiaode"},"content":{"rendered":"<p><a href=\"http:\/\/yongchun-white-crane.eu\/wp-content\/uploads\/2015\/07\/PanZhuDe.jpg\" rel=\"attachment wp-att-387\"><img loading=\"lazy\" decoding=\"async\" class=\"wp-image-387 alignnone\" src=\"http:\/\/yongchun-white-crane.eu\/wp-content\/uploads\/2015\/07\/PanZhuDe.jpg\" alt=\"PanZhuDe\" width=\"152\" height=\"203\" \/><\/a><\/p>\n<p style=\"text-align: justify;\">Pan Xiaode war der Vater des derzeitigen Leiters der Weng Gong Ci Schule f\u00fcr Kampfkunst in Yongchun, <em>Pan Chengmiao<\/em>. Er war ein au\u00dferordentlich ber\u00fchmter Baihequan-Meister seiner Zeit; dar\u00fcber hinaus war er Arzt f\u00fcr Knochenverletzungen. Er wurde geboren im April 1881 als erstes von 7 Kindern in der Region Dapu im Kreis Yongchun, im Jahr 1969, im Alter von 89 Jahren starb er in Wulijie, Stadt Yongchun. Sein Vorfahre Pan Sai ist einer der 28 herausragenden Sch\u00fcler der Gr\u00fcnderin des Baihequan &#8211; Fang Qiniang (siehe <em>Geschichte des Baihequan<\/em>).<\/p>\n<p style=\"text-align: justify;\">Mit 11 Jahren begann er, mit dem \u00e4lteren Bruder seines Vaters, <em>Pan Zhentuan<\/em> Baihequan zu \u00fcben. Mit 16 Jahren verlie\u00df er die Schule und widmete sich ganz der Kampfkunst: Handformen, Waffen und Sparring trainierte er unter Pan Zhentuan, der ihn sp\u00e4ter auch zu seinem Assistenten machte.<\/p>\n<p style=\"text-align: justify;\">Dieser lehrte ihn auch Chinesische Osteopathie<a href=\"#_ftn1\" name=\"_ftnref1\">[1]<\/a>, und schon mit 15 Jahren wurde er Sch\u00fcler f\u00fcr Chinesische Medizin, ab 18 arbeitete er in einem Hospital f\u00fcr Knochenverletzungen. Im Verlaufe der Zeit machte er sich sowohl in der Medizin als auch in der Kampfkunst einen Namen und war weithin bekannt und geachtet. Anfang Juni 1928 zog er mit der Familie nach Wulijie (Stadt Yongchun).<\/p>\n<p style=\"text-align: justify;\">Im 8. Monat 1928<a href=\"#_ftn2\" name=\"_ftnref2\">[2]<\/a> begab sich Pan Xiaode nach Nanjing zur ersten staatlichen Pr\u00fcfung f\u00fcr Kampfkunst<a href=\"#_ftn3\" name=\"_ftnref3\">[3]<\/a>, und zusammen mit 7 weiteren Teilnehmern aus Yongchun erhielt er den Rang eines <em>Zhuangshi<\/em> (K\u00e4mpfer)<a href=\"#_ftn4\" name=\"_ftnref4\">[4]<\/a>. Im Winter desselben Jahres wurde im Weng Gong Ci<a href=\"#_ftn5\" name=\"_ftnref5\">[5]<\/a> in Wulijie die &#8220;Nationale Schule f\u00fcr Kampfkunst Abteilung Yongchun&#8221; er\u00f6ffnet; sie war direkt der Leitung der Zentralen Schule unterstellt; <em>Lin Baoshan<\/em>, (ebenfalls im Rang eines Zhuangshi) ernannte man zum Leiter, Pan Xiaode zum \u00dcbungsleiter. Im Fr\u00fchjahr 1929 wurde er zum Kampfrichter ernannt. Im August stellte Yongchun auf Einladung des Leiters des &#8220;S\u00fcdasiatischen Patriotischen Auslandschinesen&#8221;, <em>Chen Jiageng<\/em> eine Delegation&#8221; zusammen, die zu Vorf\u00fchrungen nach Singapur und Malaysia reiste. Dies war der erste Besuch einer chinesischen Delegation (im Rahmender Kampfkunst) im Ausland.<\/p>\n<p style=\"text-align: justify;\">Neben den Kampfkunstdemonstrationen behandelte Pan Xiaode dort unentgeltlich dort lebende Chinesen, und so wurde er aufgefordert zu bleiben; er er\u00f6ffnete in Singapur und Malaysia private Schulen und praktizierte Medizin. Im Juli 1929 ging er zusammen mit f\u00fcnf Sch\u00fclern nach Hause zur\u00fcck.<\/p>\n<p style=\"text-align: justify;\">Dort lebte und arbeitete er f\u00fcr das Baihequan wie f\u00fcr die Medizin. In seiner Heimatregion ist sein Name bekannt auch als Initiator wichtiger Ma\u00dfnahmen zur Modernisierung der medizinischen Versorgung. Seine Rolle hier war so gewichtig, dass er zwar viele Male einen Antrag auf Pensionierung stellte, tats\u00e4chlich aber bis zu seinem Ableben im Dienst blieb. Bis 15 Tage von seinem Tod am 4. des 1. Monats \u00fcbte er t\u00e4glich oben in seinem Haus.<\/p>\n<p style=\"text-align: justify;\">__________________________________________<\/p>\n<p style=\"text-align: justify;\"><a href=\"#_ftnref1\" name=\"_ftn1\">[1]<\/a> Zheng Gu, w\u00f6rtlich &#8220;Knochen Richten&#8221;<\/p>\n<p style=\"text-align: justify;\"><a href=\"#_ftnref2\" name=\"_ftn2\">[2]<\/a> Der 8. Monat nach dem damals geltenden Chinesischen Mondkalender, entspricht in etwa dem September<\/p>\n<p style=\"text-align: justify;\"><a href=\"#_ftnref3\" name=\"_ftn3\">[3]<\/a> &#8220;Es war in dieser Zeit, dass Pr\u00e4sident Chiang Kaishek 1928 in Nanjing die Einrichtung des Nanjing Central Guoshu Institutes anordnete, um die chinesische Kampfkunst zu bewahren. F\u00fcr dieses Institut wurden viele ber\u00fchmte Meister und Praktiker rekrutiert. Der traditionelle Name Wushu (Kampfkunst) wurde umbenannt in Zhongguo Wushu (Chinesische Kampfkunst) oder einfacher Guoshu (Nationale Kunst). Dies war das erste Mal in der chinesischen Geschichte, dass auf staatlichen Befehl die verschiedenen Stile der chinesischen Kampfkunst sich zusammensetzten und ihr Wissen austauschten. Leider begann nach nur drei Generationen der Zweite Weltkrieg im Jahr 1937 und alles Training wurde unterbrochen.&#8221; Aus: Yang, Jwing-Ming: Shaolin White Crane; YMAA, Roslindale, Mass. (USA:, 1996).<\/p>\n<p style=\"text-align: justify;\"><a href=\"#_ftnref4\" name=\"_ftn4\">[4]<\/a> Insgesamt erhielten 24 Personen diesen Titel<\/p>\n<p style=\"text-align: justify;\"><a href=\"#_ftnref5\" name=\"_ftn5\">[5]<\/a> Ein Ci ist ein Schrein; der Schrein zu Ehren dieses Beamten bestand also vorher, wenngleich nicht als Dojo.<\/p>\n","protected":false},"excerpt":{"rendered":"<p>Pan Xiaode war der Vater des derzeitigen Leiters der Weng Gong Ci Schule f\u00fcr Kampfkunst in Yongchun, Pan Chengmiao. Er war ein au\u00dferordentlich ber\u00fchmter Baihequan-Meister seiner Zeit; dar\u00fcber hinaus war [&hellip;]<\/p>\n","protected":false},"author":1,"featured_media":0,"parent":0,"menu_order":0,"comment_status":"closed","ping_status":"open","template":"","meta":{"footnotes":""},"class_list":["post-197","page","type-page","status-publish","hentry"],"translation":{"provider":"WPGlobus","version":"3.0.0","language":"de","enabled_languages":["en","de","es","ru","zh","nl"],"languages":{"en":{"title":true,"content":true,"excerpt":false},"de":{"title":true,"content":true,"excerpt":false},"es":{"title":false,"content":false,"excerpt":false},"ru":{"title":false,"content":true,"excerpt":false},"zh":{"title":true,"content":true,"excerpt":false},"nl":{"title":false,"content":false,"excerpt":false}}},"_links":{"self":[{"href":"http:\/\/yongchun-white-crane.eu\/de\/wp-json\/wp\/v2\/pages\/197","targetHints":{"allow":["GET"]}}],"collection":[{"href":"http:\/\/yongchun-white-crane.eu\/de\/wp-json\/wp\/v2\/pages"}],"about":[{"href":"http:\/\/yongchun-white-crane.eu\/de\/wp-json\/wp\/v2\/types\/page"}],"author":[{"embeddable":true,"href":"http:\/\/yongchun-white-crane.eu\/de\/wp-json\/wp\/v2\/users\/1"}],"replies":[{"embeddable":true,"href":"http:\/\/yongchun-white-crane.eu\/de\/wp-json\/wp\/v2\/comments?post=197"}],"version-history":[{"count":36,"href":"http:\/\/yongchun-white-crane.eu\/de\/wp-json\/wp\/v2\/pages\/197\/revisions"}],"predecessor-version":[{"id":1097,"href":"http:\/\/yongchun-white-crane.eu\/de\/wp-json\/wp\/v2\/pages\/197\/revisions\/1097"}],"wp:attachment":[{"href":"http:\/\/yongchun-white-crane.eu\/de\/wp-json\/wp\/v2\/media?parent=197"}],"curies":[{"name":"wp","href":"https:\/\/api.w.org\/{rel}","templated":true}]}}