{"id":545,"date":"2015-10-31T18:11:58","date_gmt":"2015-10-31T17:11:58","guid":{"rendered":"http:\/\/kottig.net\/whitecrane\/?page_id=545"},"modified":"2021-07-01T11:11:27","modified_gmt":"2021-07-01T09:11:27","slug":"startpage","status":"publish","type":"page","link":"http:\/\/yongchun-white-crane.eu\/de\/","title":{"rendered":"Yongchun White Crane"},"content":{"rendered":"<h3 style=\"text-align: center;\">\u00a0<strong><span style=\"color: #339966; font-family: book antiqua,palatino,serif; font-size: 14pt;\"><span style=\"color: #ff0000;\"> <a href=\"http:\/\/cnbhq.com\/\" target=\"_blank\" rel=\"http:\/\/cnbhq.com\/ noopener noreferrer\"><img loading=\"lazy\" decoding=\"async\" class=\"aligncenter wp-image-690\" src=\"http:\/\/yongchun-white-crane.eu\/wp-content\/uploads\/2015\/10\/WengGongCi-Logoweb.jpg\" alt=\"WengGongCi-Logoweb\" width=\"338\" height=\"338\" srcset=\"http:\/\/yongchun-white-crane.eu\/wp-content\/uploads\/2015\/10\/WengGongCi-Logoweb.jpg 400w, http:\/\/yongchun-white-crane.eu\/wp-content\/uploads\/2015\/10\/WengGongCi-Logoweb-150x150.jpg 150w, http:\/\/yongchun-white-crane.eu\/wp-content\/uploads\/2015\/10\/WengGongCi-Logoweb-300x300.jpg 300w\" sizes=\"auto, (max-width: 338px) 100vw, 338px\" \/><\/a><\/span><\/span><\/strong><\/h3>\n<p style=\"text-align: center;\"><span style=\"color: #ff0000;\"><span style=\"font-size: 18pt;\">Der Kranich: ein Symbol f\u00fcr Lebenskraft<\/span><br \/>\n<\/span><\/p>\n<p style=\"text-align: center;\"><span style=\"color: #ff0000; font-size: 14pt;\">Die Wurzel aller existierenden Karatestile und die Essenz der s\u00fcdchinesischen Kampfk\u00fcnste<\/span><\/p>\n<p style=\"text-align: justify;\">Dies ist die offizielle Website des Weng Gong Ci Wushu Guan au\u00dferhalb von China. Hier stellen wir Informationen zur Verf\u00fcgung \u00fcber das White Crane Kung Fu in der Art und Weise, wie es im Weng Gong Ci in China gelehrt wird. Auf diese Weise m\u00f6chten wir unseren Beitrag leisten zur F\u00f6rderung des Yongchun White Crane. F\u00fcr diejenigen, die bereits im Weng Gong Ci trainieren \u00a0bieten wir Ressourcen in Form von Texten, Bildern und anderen Medien an.<\/p>\n<p style=\"text-align: justify;\">Bereits seit 1928 ist das Weng Gong\u00a0 Ci Wushu Guan das Zentrum des traditionellen White Crane in der Stadt Yongchun. Von Beginn an sind Sch\u00fcler des Weng Gong\u00a0 Ci in andere L\u00e4nder gereist und haben dort gelehrt. Wir m\u00f6chten diese Tradition fortf\u00fchren, indem wir Informationen bereitstellen \u00fcber den Stil, die Trainingsmethoden und Ziele. Der Kalender auf dieser Seite gibt einen \u00dcberblick \u00fcber Seminare und andere Aktivit\u00e4ten, die in diesem Zusammenhang geplant sind.<\/p>\n<p style=\"text-align: justify;\">Wir danken dem Weng Gong Ci Wushu Guan, dessen Leiter Meister Pan Qiong Qi und seiner Familie f\u00fcr ihre Unterst\u00fctzung bei unserem Lernen und Lehren.<\/p>\n","protected":false},"excerpt":{"rendered":"<p>\u00a0 Der Kranich: ein Symbol f\u00fcr Lebenskraft Die Wurzel aller existierenden Karatestile und die Essenz der s\u00fcdchinesischen Kampfk\u00fcnste Dies ist die offizielle Website des Weng Gong Ci Wushu Guan au\u00dferhalb [&hellip;]<\/p>\n","protected":false},"author":1,"featured_media":0,"parent":0,"menu_order":0,"comment_status":"closed","ping_status":"closed","template":"page-c.php","meta":{"footnotes":""},"class_list":["post-545","page","type-page","status-publish","hentry"],"translation":{"provider":"WPGlobus","version":"3.0.0","language":"de","enabled_languages":["en","de","es","ru","zh","nl"],"languages":{"en":{"title":true,"content":true,"excerpt":false},"de":{"title":true,"content":true,"excerpt":false},"es":{"title":false,"content":true,"excerpt":false},"ru":{"title":false,"content":true,"excerpt":false},"zh":{"title":true,"content":true,"excerpt":false},"nl":{"title":false,"content":false,"excerpt":false}}},"_links":{"self":[{"href":"http:\/\/yongchun-white-crane.eu\/de\/wp-json\/wp\/v2\/pages\/545","targetHints":{"allow":["GET"]}}],"collection":[{"href":"http:\/\/yongchun-white-crane.eu\/de\/wp-json\/wp\/v2\/pages"}],"about":[{"href":"http:\/\/yongchun-white-crane.eu\/de\/wp-json\/wp\/v2\/types\/page"}],"author":[{"embeddable":true,"href":"http:\/\/yongchun-white-crane.eu\/de\/wp-json\/wp\/v2\/users\/1"}],"replies":[{"embeddable":true,"href":"http:\/\/yongchun-white-crane.eu\/de\/wp-json\/wp\/v2\/comments?post=545"}],"version-history":[{"count":63,"href":"http:\/\/yongchun-white-crane.eu\/de\/wp-json\/wp\/v2\/pages\/545\/revisions"}],"predecessor-version":[{"id":1619,"href":"http:\/\/yongchun-white-crane.eu\/de\/wp-json\/wp\/v2\/pages\/545\/revisions\/1619"}],"wp:attachment":[{"href":"http:\/\/yongchun-white-crane.eu\/de\/wp-json\/wp\/v2\/media?parent=545"}],"curies":[{"name":"wp","href":"https:\/\/api.w.org\/{rel}","templated":true}]}}