{"id":545,"date":"2015-10-31T18:11:58","date_gmt":"2015-10-31T17:11:58","guid":{"rendered":"http:\/\/kottig.net\/whitecrane\/?page_id=545"},"modified":"2021-07-01T11:11:27","modified_gmt":"2021-07-01T09:11:27","slug":"startpage","status":"publish","type":"page","link":"http:\/\/yongchun-white-crane.eu\/es\/","title":{"rendered":"Yongchun White Crane"},"content":{"rendered":"<div id=\"gt-res-c\" class=\"g-unit\">\n<div id=\"gt-res-p\">\n<div id=\"gt-res-data\">\n<div id=\"gt-res-wrap\">\n<div id=\"gt-res-content\" class=\"almost_half_cell\">\n<div dir=\"ltr\" style=\"text-align: center;\"><span id=\"result_box\" class=\"short_text\" lang=\"es\" style=\"font-size: 14pt; color: #ff0000;\"><span class=\"hps\"><strong><span style=\"color: #339966; font-family: book antiqua,palatino,serif; font-size: 14pt;\"><span style=\"color: #ff0000;\"> <a href=\"http:\/\/cnbhq.com\/\" target=\"_blank\" rel=\"http:\/\/cnbhq.com\/ noopener noreferrer\"><img loading=\"lazy\" decoding=\"async\" class=\"aligncenter wp-image-690\" src=\"http:\/\/yongchun-white-crane.eu\/wp-content\/uploads\/2015\/10\/WengGongCi-Logoweb.jpg\" alt=\"WengGongCi-Logoweb\" width=\"338\" height=\"338\" srcset=\"http:\/\/yongchun-white-crane.eu\/wp-content\/uploads\/2015\/10\/WengGongCi-Logoweb.jpg 400w, http:\/\/yongchun-white-crane.eu\/wp-content\/uploads\/2015\/10\/WengGongCi-Logoweb-150x150.jpg 150w, http:\/\/yongchun-white-crane.eu\/wp-content\/uploads\/2015\/10\/WengGongCi-Logoweb-300x300.jpg 300w\" sizes=\"auto, (max-width: 338px) 100vw, 338px\" \/><\/a><\/span><\/span><\/strong>La gr\u00faa<\/span>: <span class=\"hps\">un<\/span> <span class=\"hps\">s\u00edmbolo<\/span> <span class=\"hps\">para la longevidad<\/span><\/span><\/div>\n<div dir=\"ltr\" style=\"text-align: center;\"><\/div>\n<\/div>\n<\/div>\n<\/div>\n<\/div>\n<\/div>\n<p style=\"text-align: justify;\">Este es el sitio web oficial de la Weng Gong Ci Wushu Guan (escuela marcial Weng Gong Ci) fuera de China. El prop\u00f3sito de este sitio es proporcionar informaci\u00f3n sobre White Crane Kung Fu como se ense\u00f1a en el centro principal en China y para ayudar en el crecimiento de m\u00e1s Yongchun Grulla Blanca Kung Fu en todo el mundo. Para las personas entrenando activamente en la Grulla Blanca Yongchun Kung Fu Tenemos recursos en forma de texto, im\u00e1genes y otros medios.<\/p>\n<p style=\"text-align: justify;\">Desde 1928 la Weng Gong Ci Wushu Guan ha sido el punto focal de la Grulla Blanca tradicional en el condado de Yongchun. Despu\u00e9s de su creaci\u00f3n, los estudiantes de la Weng Gong Ci Wushu Guan han viajado y ense\u00f1ado en otros pa\u00edses. Al proporcionar informaci\u00f3n sobre el estilo, sus objetivos y los m\u00e9todos de entrenamiento esperamos continuar con esta tradici\u00f3n. El calendario de este sitio proporciona informaci\u00f3n sobre seminarios y actividades organizadas con este fin.<\/p>\n<p style=\"text-align: justify;\">Agradecemos al Weng Gong Ci Wushu Guan, dirigido por el Maestro Pan Qiong Qi y su familia, por su apoyo y la oportunidad de estudiar y ense\u00f1ar con ellos.<\/p>\n","protected":false},"excerpt":{"rendered":"<p>La gr\u00faa: un s\u00edmbolo para la longevidad Este es el sitio web oficial de la Weng Gong Ci Wushu Guan (escuela marcial Weng Gong Ci) fuera de China. El prop\u00f3sito [&hellip;]<\/p>\n","protected":false},"author":1,"featured_media":0,"parent":0,"menu_order":0,"comment_status":"closed","ping_status":"closed","template":"page-c.php","meta":{"footnotes":""},"class_list":["post-545","page","type-page","status-publish","hentry"],"translation":{"provider":"WPGlobus","version":"3.0.0","language":"es","enabled_languages":["en","de","es","ru","zh","nl"],"languages":{"en":{"title":true,"content":true,"excerpt":false},"de":{"title":true,"content":true,"excerpt":false},"es":{"title":false,"content":true,"excerpt":false},"ru":{"title":false,"content":true,"excerpt":false},"zh":{"title":true,"content":true,"excerpt":false},"nl":{"title":false,"content":false,"excerpt":false}}},"_links":{"self":[{"href":"http:\/\/yongchun-white-crane.eu\/es\/wp-json\/wp\/v2\/pages\/545","targetHints":{"allow":["GET"]}}],"collection":[{"href":"http:\/\/yongchun-white-crane.eu\/es\/wp-json\/wp\/v2\/pages"}],"about":[{"href":"http:\/\/yongchun-white-crane.eu\/es\/wp-json\/wp\/v2\/types\/page"}],"author":[{"embeddable":true,"href":"http:\/\/yongchun-white-crane.eu\/es\/wp-json\/wp\/v2\/users\/1"}],"replies":[{"embeddable":true,"href":"http:\/\/yongchun-white-crane.eu\/es\/wp-json\/wp\/v2\/comments?post=545"}],"version-history":[{"count":63,"href":"http:\/\/yongchun-white-crane.eu\/es\/wp-json\/wp\/v2\/pages\/545\/revisions"}],"predecessor-version":[{"id":1619,"href":"http:\/\/yongchun-white-crane.eu\/es\/wp-json\/wp\/v2\/pages\/545\/revisions\/1619"}],"wp:attachment":[{"href":"http:\/\/yongchun-white-crane.eu\/es\/wp-json\/wp\/v2\/media?parent=545"}],"curies":[{"name":"wp","href":"https:\/\/api.w.org\/{rel}","templated":true}]}}